{"id":16,"date":"2023-04-15T20:50:58","date_gmt":"2023-04-15T20:50:58","guid":{"rendered":"https:\/\/artebotanicabrasil.com.br\/?page_id=16"},"modified":"2025-02-08T15:15:19","modified_gmt":"2025-02-08T18:15:19","slug":"edital","status":"publish","type":"page","link":"https:\/\/artebotanicabrasil.com.br\/index.php\/edital\/","title":{"rendered":"Edital"},"content":{"rendered":"\t\t<div data-elementor-type=\"wp-page\" data-elementor-id=\"16\" class=\"elementor elementor-16\">\n\t\t\t\t\t\t<section class=\"elementor-section elementor-top-section elementor-element elementor-element-f1f7c99 elementor-section-boxed elementor-section-height-default elementor-section-height-default\" data-id=\"f1f7c99\" data-element_type=\"section\">\n\t\t\t\t\t\t<div class=\"elementor-container elementor-column-gap-default\">\n\t\t\t\t\t<div class=\"elementor-column elementor-col-100 elementor-top-column elementor-element elementor-element-28dcbe6\" data-id=\"28dcbe6\" data-element_type=\"column\">\n\t\t\t<div class=\"elementor-widget-wrap elementor-element-populated\">\n\t\t\t\t\t\t<div class=\"elementor-element elementor-element-7fd9918 elementor-widget elementor-widget-text-editor\" data-id=\"7fd9918\" data-element_type=\"widget\" data-widget_type=\"text-editor.default\">\n\t\t\t\t<div class=\"elementor-widget-container\">\n\t\t\t\t\t\t\t\t\t<h4 style=\"text-align: center;\"><strong>Arte Bot\u00e2nica Expo Mundial 2025<\/strong><\/h4><h5 style=\"text-align: center;\"><strong>DIVERSIDADE DE CULTURAS DE PLANTAS NATIVAS QUE CONTRIBUEM PARA O DESENVOLVIMENTO HUMANO<\/strong><\/h5><p><span style=\"background-color: inherit;\">A ASBA (American Society of Botanical Artists) est\u00e1 fazendo a curadoria de uma exposi\u00e7\u00e3o com a participa\u00e7\u00e3o de mais de 25 pa\u00edses. Neste \u00e2mbito, o Dia Mundial de Arte Bot\u00e2nica ser\u00e1 comemorado no dia 18 de maio de 2025 em cada local de exposi\u00e7\u00e3o.<\/span><\/p><p><strong>Tema das obras:<\/strong> o tema celebra a biodiversidade nas culturas que t\u00eam estado intimamente associadas \u00e0 esp\u00e9cie humana h\u00e1 milhares de anos e foi concebido para chamar a aten\u00e7\u00e3o para <strong>a grande variedade de alimentos e plantas \u00fateis<\/strong> dispon\u00edveis, em contraste com as, relativamente, poucas variedades utilizadas no cultivo em massa. Atualmente, muitas esp\u00e9cies e variedades patrimoniais s\u00e3o cultivadas apenas por produtores especializados em pequena escala. \u00c9 vital promover esta diversidade gen\u00e9tica num mundo desafiado por uma popula\u00e7\u00e3o crescente e por um clima em mudan\u00e7a. Tamb\u00e9m est\u00e3o em risco os parentes selvagens das culturas, e antigos alimentos forrageiros que podem ajudar a aumentar a seguran\u00e7a alimentar nas pr\u00f3ximas d\u00e9cadas. As esp\u00e9cies selecionadas devem ser de plantas nativas, ou serem cultivadas no Brasil h\u00e1 mais de 50 anos.<\/p><p><span style=\"font-weight: bold;\">Local da Exposi\u00e7\u00e3o<\/span>: Centro Cultural Casa Thomas Jefferson &#8211; Asa Sul &#8211; Bras\u00edlia<\/p><p><span style=\"font-weight: bold;\">Data:<\/span>\u00a016 de maio de 2025 a 19 de junho de 2025<\/p><p>Ap\u00f3s a abertura da exposi\u00e7\u00e3o os trabalhos estar\u00e3o tamb\u00e9m em exposi\u00e7\u00e3o virtual no site.<\/p><p><strong>Elegibilidade<\/strong>: aberto a todos os ilustradores residentes no Brasil.<\/p><p><strong>J\u00fari art\u00edstico<\/strong>: Diana Carneiro, Gustavo Surlo e Cecilia Tomasi.<\/p><p><strong>J\u00fari cient\u00edfico<\/strong>: Thiago E. C. Meneguzzo, Thiago Jos\u00e9 de Carvalho Andr\u00e9 e Jo\u00e3o Iganci.<\/p><p>O trabalho pode ter aparecido em exposi\u00e7\u00f5es regionais, mas n\u00e3o deve ter sido exibido em outra exposi\u00e7\u00e3o internacional com j\u00fari da ASBA.<\/p><p><strong>M\u00eddia aceita<\/strong>: Arte Bot\u00e2nica original bidimensional, aquarela, gouache, nanquim, grafite, l\u00e1pis de cor, acr\u00edlica, \u00f3leo, giz pastel ou t\u00eampera.<\/p><p>N\u00e3o ser\u00e3o aceitas fotografia, trabalho gerado digitalmente, ou trabalho tridimensional.<\/p><p><strong>Inscri\u00e7\u00f5es:<\/strong> Ser\u00e3o consideradas 3 imagens por artista. As inscri\u00e7\u00f5es poder\u00e3o ser feitas on-line, a partir de 30 de novembro de 2024.<\/p><p><strong>Taxa de inscri\u00e7\u00e3o: <\/strong>\u00a0R$50,00 para a primeira imagem, R$40,00 para a segunda e R$30,00 para a terceira.<span style=\"color: #ff0000;\"> As informa\u00e7\u00f5es sobre o pagamento est\u00e3o na ficha de inscri\u00e7\u00e3o.\u00a0<\/span><\/p><p><strong>Requisitos:<\/strong> As imagens. de <span style=\"text-decoration: underline;\">boa qualidade,<\/span> devem ser enviadas para a sele\u00e7\u00e3o, apenas em arquivos digitais para o e-mail: <a href=\"mailto:artebotanicabrasil@gmail.com\">artebotanicabrasil@gmail.com<\/a>, com resolu\u00e7\u00e3o de 300 dpi, formato jpg, tamanho m\u00e1ximo da imagem: A3 (297&#215;420 mm). Os arquivos devem ter no m\u00e1ximo 8M. Os arquivos devem ser individuais. O nome dos arquivos devem estar etiquetados com nome do artista e t\u00edtulo da imagem. <strong>O nome do artista n\u00e3o pode aparecer na imagem que ser\u00e1 enviada para a comiss\u00e3o julgadora. Se necess\u00e1rio, retirar digitalmente o nome antes de enviar o arquivo.\u00a0<\/strong><\/p><p><strong><span style=\"color: #ff0000;\">Novo Prazo<\/span> para a inscri\u00e7\u00e3o e envio das imagens<\/strong>: De 30 de Novembro de 2024 a<strong><span style=\"color: #ff0000;\"> 14 de fevereiro de 2025.<\/span><\/strong><\/p><p><span style=\"color: #ff0000;\"><strong>Ficha de inscri\u00e7\u00e3o<\/strong><\/span>:<a href=\"https:\/\/artebotanicabrasil.com.br\/wp-content\/uploads\/2024\/12\/Ficha_de_Inscricao_de_Trabalhos_para_Selecao-18-12-24-1.pdf\" target=\"_blank\" rel=\"noopener\"> Fa\u00e7a o download aqui.\u00a0<\/a><\/p><p><strong>Data de divulga\u00e7\u00e3o dos trabalhos selecionados via e-mail<\/strong>: Durante a primeira quinzena de mar\u00e7o de 2025 ser\u00e3o enviados e-mails comunicando a sele\u00e7\u00e3o, ou n\u00e3o, das obras inscritas. Se aceito, o artista garante que as obras de arte estar\u00e3o dispon\u00edveis para exibi\u00e7\u00e3o e se compromete a pagar o retorno da obra ap\u00f3s o t\u00e9rmino da exposi\u00e7\u00e3o.<\/p><p><strong>Os trabalhos selecionados devem estar <u>obrigatoriamente<\/u> em Bras\u00edlia at\u00e9 a \u00faltima semana de Abril de 2025<\/strong>.<\/p><p><strong>Apresenta\u00e7\u00e3o<\/strong>: Limite de tamanho da moldura 100 x 80 cm horizontal ou vertical. As obras de arte aceitas dever\u00e3o ser apresentadas profissionalmente de acordo com os requisitos da exposi\u00e7\u00e3o, detalhes fornecidos no momento da aceita\u00e7\u00e3o.<\/p><p>Maiores detalhes sobre datas, endere\u00e7o de entrega, tipo de passe-partout e moldura, ser\u00e3o fornecidos aos artistas aceitos.<\/p><p><strong>Direitos de Suspens\u00e3o<\/strong>: O comit\u00ea organizador reserva-se o direito de recusar a expor o trabalho quando recebido se a moldura for inadequada, ou a qualidade da obra de arte diferir muito daquela representada pelos materiais de submiss\u00e3o.<\/p><p><strong>Publicidade e Educa\u00e7\u00e3o<\/strong>: Se aceita, o artista concorda que sua imagem poder\u00e1 ser utilizada na divulga\u00e7\u00e3o da exposi\u00e7\u00e3o. Imagens aceitas podem ser usadas em materiais promocionais, educacionais ou interpretativos antes, durante e depois da exibi\u00e7\u00e3o.<\/p><p>Caso haja financiamento adequado, ser\u00e1 preparado um cat\u00e1logo com as imagens das obras selecionadas.<\/p><p>Perguntas e d\u00favidas devem ser feitas pelo site com o intuito de alinhar as informa\u00e7\u00f5es.<\/p><p>Contato: Marcos Silva-Ferraz\u00a0 <a href=\"mailto:markus63@gmail.com\">markus63@gmail.com<\/a><\/p><p>Maria Alice de Rezende: <a href=\"mailto:malicerezende@yahoo.com.br\">malicerezende@yahoo.com.br<\/a><\/p>\t\t\t\t\t\t\t\t<\/div>\n\t\t\t\t<\/div>\n\t\t\t\t\t<\/div>\n\t\t<\/div>\n\t\t\t\t\t<\/div>\n\t\t<\/section>\n\t\t\t\t<\/div>\n\t\t","protected":false},"excerpt":{"rendered":"<p>Arte Bot\u00e2nica Expo Mundial 2025 DIVERSIDADE DE CULTURAS DE PLANTAS NATIVAS QUE CONTRIBUEM PARA O DESENVOLVIMENTO HUMANO A ASBA (American Society of Botanical Artists) est\u00e1 fazendo a curadoria de uma exposi\u00e7\u00e3o com a participa\u00e7\u00e3o de mais de 25 pa\u00edses. Neste \u00e2mbito, o Dia Mundial de Arte Bot\u00e2nica ser\u00e1 comemorado no dia 18 de maio de [&hellip;]<\/p>\n","protected":false},"author":1,"featured_media":0,"parent":0,"menu_order":0,"comment_status":"closed","ping_status":"closed","template":"","meta":{"footnotes":""},"class_list":["post-16","page","type-page","status-publish","czr-hentry"],"_links":{"self":[{"href":"https:\/\/artebotanicabrasil.com.br\/index.php\/wp-json\/wp\/v2\/pages\/16","targetHints":{"allow":["GET"]}}],"collection":[{"href":"https:\/\/artebotanicabrasil.com.br\/index.php\/wp-json\/wp\/v2\/pages"}],"about":[{"href":"https:\/\/artebotanicabrasil.com.br\/index.php\/wp-json\/wp\/v2\/types\/page"}],"author":[{"embeddable":true,"href":"https:\/\/artebotanicabrasil.com.br\/index.php\/wp-json\/wp\/v2\/users\/1"}],"replies":[{"embeddable":true,"href":"https:\/\/artebotanicabrasil.com.br\/index.php\/wp-json\/wp\/v2\/comments?post=16"}],"version-history":[{"count":60,"href":"https:\/\/artebotanicabrasil.com.br\/index.php\/wp-json\/wp\/v2\/pages\/16\/revisions"}],"predecessor-version":[{"id":356,"href":"https:\/\/artebotanicabrasil.com.br\/index.php\/wp-json\/wp\/v2\/pages\/16\/revisions\/356"}],"wp:attachment":[{"href":"https:\/\/artebotanicabrasil.com.br\/index.php\/wp-json\/wp\/v2\/media?parent=16"}],"curies":[{"name":"wp","href":"https:\/\/api.w.org\/{rel}","templated":true}]}}