{"id":2,"date":"2023-04-15T20:05:48","date_gmt":"2023-04-15T20:05:48","guid":{"rendered":"https:\/\/artebotanicabrasil.com.br\/?page_id=2"},"modified":"2025-01-26T10:25:29","modified_gmt":"2025-01-26T13:25:29","slug":"sample-page","status":"publish","type":"page","link":"https:\/\/artebotanicabrasil.com.br\/index.php\/sample-page\/","title":{"rendered":"Cronograma"},"content":{"rendered":"\t\t<div data-elementor-type=\"wp-page\" data-elementor-id=\"2\" class=\"elementor elementor-2\">\n\t\t\t\t\t\t<section class=\"elementor-section elementor-top-section elementor-element elementor-element-2fcab74 elementor-section-boxed elementor-section-height-default elementor-section-height-default\" data-id=\"2fcab74\" data-element_type=\"section\">\n\t\t\t\t\t\t<div class=\"elementor-container elementor-column-gap-default\">\n\t\t\t\t\t<div class=\"elementor-column elementor-col-100 elementor-top-column elementor-element elementor-element-65d02a9\" data-id=\"65d02a9\" data-element_type=\"column\">\n\t\t\t<div class=\"elementor-widget-wrap\">\n\t\t\t\t\t\t\t<\/div>\n\t\t<\/div>\n\t\t\t\t\t<\/div>\n\t\t<\/section>\n\t\t\t\t<section class=\"elementor-section elementor-top-section elementor-element elementor-element-744fdba elementor-section-boxed elementor-section-height-default elementor-section-height-default\" data-id=\"744fdba\" data-element_type=\"section\">\n\t\t\t\t\t\t<div class=\"elementor-container elementor-column-gap-default\">\n\t\t\t\t\t<div class=\"elementor-column elementor-col-100 elementor-top-column elementor-element elementor-element-06128b5\" data-id=\"06128b5\" data-element_type=\"column\">\n\t\t\t<div class=\"elementor-widget-wrap elementor-element-populated\">\n\t\t\t\t\t\t<div class=\"elementor-element elementor-element-d224d33 elementor-widget elementor-widget-text-editor\" data-id=\"d224d33\" data-element_type=\"widget\" data-widget_type=\"text-editor.default\">\n\t\t\t\t<div class=\"elementor-widget-container\">\n\t\t\t\t\t\t\t\t\t<h3 style=\"text-align: center;\"><strong><span style=\"color: #ff0000;\">ATEN\u00c7\u00c3O!!! INSCRI\u00c7\u00d5ES PRORROGADAS AT\u00c9 14 DE FEVEREIRO<\/span><\/strong><\/h3><p><span style=\"color: #0000ff;\"><strong>Fa\u00e7a o download da ficha de inscri\u00e7\u00e3o:<\/strong><\/span> <a href=\"https:\/\/artebotanicabrasil.com.br\/wp-content\/uploads\/2024\/12\/Ficha_de_Inscricao_de_Trabalhos_para_Selecao-18-12-24-1.pdf\" target=\"_blank\" rel=\"noopener\">Ficha_de_Inscricao_de_Trabalhos_para_Selecao 18-12-24<\/a><\/p><p>S\u00e3o duas op\u00e7\u00f5es de preenchimento. 1 &#8211; Eletronicamente: Salve o arquivo e abra-o com Adobe Acrobat. Procure ent\u00e3o por &#8220;Ferramentas&#8221; ou &#8220;Tools&#8221;. Dentro desse item, procure &#8220;Preencher e Assinar&#8221; ou &#8220;Fill &amp; Sign&#8221;. Clique nesse item. Automaticamente o app Acrobat ir\u00e1 permitir que voc\u00ea insira todos os dados necess\u00e1rios nos respectivos campos. Por seguran\u00e7a v\u00e1 salvando o arquivo durante esse processo. Ao terminar, simplesmente o encaminhe para a Comiss\u00e3o Organizadora atrav\u00e9s do e-mail acima. 2 &#8211; Manualmente: Imprima o arquivo baixado e preencha \u00e0 m\u00e3o os campos pedidos. Terminada essa etapa, voc\u00ea deve escane\u00e1-lo e encaminh\u00e1-lo para a Comiss\u00e3o Organizadora.<\/p>\t\t\t\t\t\t\t\t<\/div>\n\t\t\t\t<\/div>\n\t\t\t\t<div class=\"elementor-element elementor-element-6bf91a7 elementor-widget elementor-widget-image\" data-id=\"6bf91a7\" data-element_type=\"widget\" data-widget_type=\"image.default\">\n\t\t\t\t<div class=\"elementor-widget-container\">\n\t\t\t\t\t\t\t\t\t\t\t\t\t\t\t<img fetchpriority=\"high\" decoding=\"async\" width=\"1024\" height=\"386\" src=\"https:\/\/artebotanicabrasil.com.br\/wp-content\/uploads\/2024\/06\/Divulgacao-do-Edital-1024x386.jpg\" class=\"attachment-large size-large wp-image-203\" alt=\"\" srcset=\"https:\/\/artebotanicabrasil.com.br\/wp-content\/uploads\/2024\/06\/Divulgacao-do-Edital-1024x386.jpg 1024w, https:\/\/artebotanicabrasil.com.br\/wp-content\/uploads\/2024\/06\/Divulgacao-do-Edital-300x113.jpg 300w, https:\/\/artebotanicabrasil.com.br\/wp-content\/uploads\/2024\/06\/Divulgacao-do-Edital-768x289.jpg 768w, https:\/\/artebotanicabrasil.com.br\/wp-content\/uploads\/2024\/06\/Divulgacao-do-Edital-1536x578.jpg 1536w, https:\/\/artebotanicabrasil.com.br\/wp-content\/uploads\/2024\/06\/Divulgacao-do-Edital-2048x771.jpg 2048w, https:\/\/artebotanicabrasil.com.br\/wp-content\/uploads\/2024\/06\/Divulgacao-do-Edital-570x215.jpg 570w\" sizes=\"(max-width: 1024px) 100vw, 1024px\" \/>\t\t\t\t\t\t\t\t\t\t\t\t\t\t\t<\/div>\n\t\t\t\t<\/div>\n\t\t\t\t\t<\/div>\n\t\t<\/div>\n\t\t\t\t\t<\/div>\n\t\t<\/section>\n\t\t\t\t<\/div>\n\t\t","protected":false},"excerpt":{"rendered":"<p>ATEN\u00c7\u00c3O!!! INSCRI\u00c7\u00d5ES PRORROGADAS AT\u00c9 14 DE FEVEREIRO Fa\u00e7a o download da ficha de inscri\u00e7\u00e3o: Ficha_de_Inscricao_de_Trabalhos_para_Selecao 18-12-24 S\u00e3o duas op\u00e7\u00f5es de preenchimento. 1 &#8211; Eletronicamente: Salve o arquivo e abra-o com Adobe Acrobat. Procure ent\u00e3o por &#8220;Ferramentas&#8221; ou &#8220;Tools&#8221;. Dentro desse item, procure &#8220;Preencher e Assinar&#8221; ou &#8220;Fill &amp; Sign&#8221;. Clique nesse item. Automaticamente o app [&hellip;]<\/p>\n","protected":false},"author":1,"featured_media":0,"parent":0,"menu_order":0,"comment_status":"closed","ping_status":"open","template":"","meta":{"footnotes":""},"class_list":["post-2","page","type-page","status-publish","czr-hentry"],"_links":{"self":[{"href":"https:\/\/artebotanicabrasil.com.br\/index.php\/wp-json\/wp\/v2\/pages\/2","targetHints":{"allow":["GET"]}}],"collection":[{"href":"https:\/\/artebotanicabrasil.com.br\/index.php\/wp-json\/wp\/v2\/pages"}],"about":[{"href":"https:\/\/artebotanicabrasil.com.br\/index.php\/wp-json\/wp\/v2\/types\/page"}],"author":[{"embeddable":true,"href":"https:\/\/artebotanicabrasil.com.br\/index.php\/wp-json\/wp\/v2\/users\/1"}],"replies":[{"embeddable":true,"href":"https:\/\/artebotanicabrasil.com.br\/index.php\/wp-json\/wp\/v2\/comments?post=2"}],"version-history":[{"count":36,"href":"https:\/\/artebotanicabrasil.com.br\/index.php\/wp-json\/wp\/v2\/pages\/2\/revisions"}],"predecessor-version":[{"id":324,"href":"https:\/\/artebotanicabrasil.com.br\/index.php\/wp-json\/wp\/v2\/pages\/2\/revisions\/324"}],"wp:attachment":[{"href":"https:\/\/artebotanicabrasil.com.br\/index.php\/wp-json\/wp\/v2\/media?parent=2"}],"curies":[{"name":"wp","href":"https:\/\/api.w.org\/{rel}","templated":true}]}}